{"id":249,"date":"2023-06-30T16:13:37","date_gmt":"2023-06-30T16:13:37","guid":{"rendered":"https:\/\/sitesa.com.br\/projetos\/modelos-wp\/mod03-22\/?page_id=249"},"modified":"2023-07-03T13:32:36","modified_gmt":"2023-07-03T13:32:36","slug":"servicos","status":"publish","type":"page","link":"https:\/\/sitesa.com.br\/projetos\/modelos-wp\/mod03-22\/servicos\/","title":{"rendered":"SERVI\u00c7OS"},"content":{"rendered":"\t\t<div data-elementor-type=\"wp-page\" data-elementor-id=\"249\" class=\"elementor elementor-249\" data-elementor-post-type=\"page\">\n\t\t\t\t\t\t<div class=\"elementor-inner\">\n\t\t\t\t<div class=\"elementor-section-wrap\">\n\t\t\t\t\t\t\t\t\t<section class=\"elementor-section elementor-top-section elementor-element elementor-element-165971b elementor-section-height-min-height elementor-section-items-bottom elementor-section-boxed elementor-section-height-default\" data-id=\"165971b\" data-element_type=\"section\" data-settings=\"{&quot;background_background&quot;:&quot;classic&quot;}\">\n\t\t\t\t\t\t\t<div class=\"elementor-background-overlay\"><\/div>\n\t\t\t\t\t\t\t<div class=\"elementor-container elementor-column-gap-default\">\n\t\t\t\t\t\t\t<div class=\"elementor-row\">\n\t\t\t\t\t<div class=\"aux-parallax-section elementor-column elementor-col-100 elementor-top-column elementor-element elementor-element-6967354 aux-appear-watch-animation aux-fade-in-right\" data-id=\"6967354\" data-element_type=\"column\">\n\t\t\t<div class=\"elementor-column-wrap elementor-element-populated\">\n\t\t\t\t\t\t\t<div class=\"elementor-widget-wrap\">\n\t\t\t\t\t\t<div class=\"elementor-element elementor-element-b6838b9 elementor-widget elementor-widget-aux_icon_list\" data-id=\"b6838b9\" data-element_type=\"widget\" data-widget_type=\"aux_icon_list.default\">\n\t\t\t\t<div class=\"elementor-widget-container\">\n\t\t\t<section class=\"widget-container aux-widget-icon-list aux-parent-au6b0453ad\" style=\"\" ><div class=\"widget-inner\"><div class=\"aux-widget-icon-list-inner\"><ul class=\"aux-icon-list-items aux-direction-horizontal\" ><li class=\"aux-icon-list-item aux-list-item-has-connector aux-list-item-has-icon aux-icon-list-item-a394efb elementor-repeater-item-a394efb\" ><span class=\"aux-icon-list-text\" >HOME  .<\/span><span class=\"aux-list-connector\" ><\/span><\/li><li class=\"aux-icon-list-item aux-list-item-has-connector aux-list-item-has-icon aux-icon-list-item-fa10854 elementor-repeater-item-fa10854\" ><span class=\"aux-icon-list-text\" >QUEM SOMOS<\/span><span class=\"aux-list-connector\" ><\/span><\/li><\/ul><\/div><\/div><\/section><!-- widget-container -->\t\t<\/div>\n\t\t\t\t<\/div>\n\t\t\t\t<div class=\"elementor-element elementor-element-95147c9 elementor-widget elementor-widget-aux_modern_heading\" data-id=\"95147c9\" data-element_type=\"widget\" data-widget_type=\"aux_modern_heading.default\">\n\t\t\t\t<div class=\"elementor-widget-container\">\n\t\t\t<section class=\"aux-widget-modern-heading\">\n            <div class=\"aux-widget-inner\"><h6 class=\"aux-modern-heading-primary\">SERVI\u00c7OS<\/h6><\/div>\n        <\/section>\t\t<\/div>\n\t\t\t\t<\/div>\n\t\t\t\t\t\t<\/div>\n\t\t\t\t\t<\/div>\n\t\t<\/div>\n\t\t\t\t\t\t\t\t<\/div>\n\t\t\t\t\t<\/div>\n\t\t<\/section>\n\t\t\t\t<section class=\"elementor-section elementor-top-section elementor-element elementor-element-378a16d elementor-section-boxed elementor-section-height-default elementor-section-height-default\" data-id=\"378a16d\" data-element_type=\"section\">\n\t\t\t\t\t\t<div class=\"elementor-container elementor-column-gap-default\">\n\t\t\t\t\t\t\t<div class=\"elementor-row\">\n\t\t\t\t\t<div class=\"aux-parallax-section elementor-column elementor-col-25 elementor-top-column elementor-element elementor-element-57c6792\" data-id=\"57c6792\" data-element_type=\"column\">\n\t\t\t<div class=\"elementor-column-wrap elementor-element-populated\">\n\t\t\t\t\t\t\t<div class=\"elementor-widget-wrap\">\n\t\t\t\t\t\t<div class=\"elementor-element elementor-element-7c9ed6c elementor-position-top elementor-vertical-align-top elementor-widget elementor-widget-image-box\" data-id=\"7c9ed6c\" data-element_type=\"widget\" data-widget_type=\"image-box.default\">\n\t\t\t\t<div class=\"elementor-widget-container\">\n\t\t\t<div class=\"elementor-image-box-wrapper\"><figure class=\"elementor-image-box-img\"><img loading=\"lazy\" decoding=\"async\" width=\"1380\" height=\"920\" src=\"https:\/\/sitesa.com.br\/projetos\/modelos-wp\/mod03-22\/wp-content\/uploads\/2023\/06\/direito-previdenciario.jpg\" class=\"attachment-full size-full wp-image-258\" alt=\"\" srcset=\"https:\/\/sitesa.com.br\/projetos\/modelos-wp\/mod03-22\/wp-content\/uploads\/2023\/06\/direito-previdenciario.jpg 1380w, https:\/\/sitesa.com.br\/projetos\/modelos-wp\/mod03-22\/wp-content\/uploads\/2023\/06\/direito-previdenciario-200x133.jpg 200w\" \/><\/figure><div class=\"elementor-image-box-content\"><h3 class=\"elementor-image-box-title\">Direito Previdenci\u00e1rio<\/h3><p class=\"elementor-image-box-description\">O direito previdenci\u00e1rio \u00e9 uma \u00e1rea do direito que trata dos direitos e benef\u00edcios relacionados \u00e0 previd\u00eancia social. Envolve as normas e regulamentos que regem o sistema de prote\u00e7\u00e3o social, que tem como objetivo garantir a seguran\u00e7a financeira e a prote\u00e7\u00e3o social aos trabalhadores e seus dependentes.<\/p><\/div><\/div>\t\t<\/div>\n\t\t\t\t<\/div>\n\t\t\t\t\t\t<\/div>\n\t\t\t\t\t<\/div>\n\t\t<\/div>\n\t\t\t\t<div class=\"aux-parallax-section elementor-column elementor-col-25 elementor-top-column elementor-element elementor-element-ce44e72\" data-id=\"ce44e72\" data-element_type=\"column\">\n\t\t\t<div class=\"elementor-column-wrap elementor-element-populated\">\n\t\t\t\t\t\t\t<div class=\"elementor-widget-wrap\">\n\t\t\t\t\t\t<div class=\"elementor-element elementor-element-50a0182 elementor-position-top elementor-vertical-align-top elementor-widget elementor-widget-image-box\" data-id=\"50a0182\" data-element_type=\"widget\" data-widget_type=\"image-box.default\">\n\t\t\t\t<div class=\"elementor-widget-container\">\n\t\t\t<div class=\"elementor-image-box-wrapper\"><figure class=\"elementor-image-box-img\"><img loading=\"lazy\" decoding=\"async\" width=\"1380\" height=\"920\" src=\"https:\/\/sitesa.com.br\/projetos\/modelos-wp\/mod03-22\/wp-content\/uploads\/2023\/06\/direito-trabalhista.jpg\" class=\"attachment-full size-full wp-image-259\" alt=\"\" srcset=\"https:\/\/sitesa.com.br\/projetos\/modelos-wp\/mod03-22\/wp-content\/uploads\/2023\/06\/direito-trabalhista.jpg 1380w, https:\/\/sitesa.com.br\/projetos\/modelos-wp\/mod03-22\/wp-content\/uploads\/2023\/06\/direito-trabalhista-200x133.jpg 200w\" \/><\/figure><div class=\"elementor-image-box-content\"><h3 class=\"elementor-image-box-title\">Direito Trabalhista<\/h3><p class=\"elementor-image-box-description\">O direito trabalhista \u00e9 um ramo do direito que trata das rela\u00e7\u00f5es entre empregados e empregadores, regulando as quest\u00f5es laborais e os direitos e deveres de ambas as partes. Ele abrange um conjunto de normas e leis que visam proteger os trabalhadores, garantindo condi\u00e7\u00f5es justas de trabalho, seguran\u00e7a e sa\u00fade.<\/p><\/div><\/div>\t\t<\/div>\n\t\t\t\t<\/div>\n\t\t\t\t\t\t<\/div>\n\t\t\t\t\t<\/div>\n\t\t<\/div>\n\t\t\t\t<div class=\"aux-parallax-section elementor-column elementor-col-25 elementor-top-column elementor-element elementor-element-4afe738\" data-id=\"4afe738\" data-element_type=\"column\">\n\t\t\t<div class=\"elementor-column-wrap elementor-element-populated\">\n\t\t\t\t\t\t\t<div class=\"elementor-widget-wrap\">\n\t\t\t\t\t\t<div class=\"elementor-element elementor-element-5e9b25d elementor-position-top elementor-vertical-align-top elementor-widget elementor-widget-image-box\" data-id=\"5e9b25d\" data-element_type=\"widget\" data-widget_type=\"image-box.default\">\n\t\t\t\t<div class=\"elementor-widget-container\">\n\t\t\t<div class=\"elementor-image-box-wrapper\"><figure class=\"elementor-image-box-img\"><img loading=\"lazy\" decoding=\"async\" width=\"1380\" height=\"920\" src=\"https:\/\/sitesa.com.br\/projetos\/modelos-wp\/mod03-22\/wp-content\/uploads\/2023\/06\/direito-criminal.jpg\" class=\"attachment-full size-full wp-image-263\" alt=\"\" srcset=\"https:\/\/sitesa.com.br\/projetos\/modelos-wp\/mod03-22\/wp-content\/uploads\/2023\/06\/direito-criminal.jpg 1380w, https:\/\/sitesa.com.br\/projetos\/modelos-wp\/mod03-22\/wp-content\/uploads\/2023\/06\/direito-criminal-200x133.jpg 200w\" \/><\/figure><div class=\"elementor-image-box-content\"><h3 class=\"elementor-image-box-title\">Direito Criminal<\/h3><p class=\"elementor-image-box-description\">O direito criminal \u00e9 um ramo do direito que se dedica ao estudo e \u00e0 regulamenta\u00e7\u00e3o das normas e procedimentos relacionados aos crimes e suas consequ\u00eancias legais. Ele abrange todas as leis e regulamentos que definem e punem as condutas que s\u00e3o  consideradas como criminosas pela sociedade.<\/p><\/div><\/div>\t\t<\/div>\n\t\t\t\t<\/div>\n\t\t\t\t\t\t<\/div>\n\t\t\t\t\t<\/div>\n\t\t<\/div>\n\t\t\t\t<div class=\"aux-parallax-section elementor-column elementor-col-25 elementor-top-column elementor-element elementor-element-ffa7017\" data-id=\"ffa7017\" data-element_type=\"column\">\n\t\t\t<div class=\"elementor-column-wrap elementor-element-populated\">\n\t\t\t\t\t\t\t<div class=\"elementor-widget-wrap\">\n\t\t\t\t\t\t<div class=\"elementor-element elementor-element-673305e elementor-position-top elementor-vertical-align-top elementor-widget elementor-widget-image-box\" data-id=\"673305e\" data-element_type=\"widget\" data-widget_type=\"image-box.default\">\n\t\t\t\t<div class=\"elementor-widget-container\">\n\t\t\t<div class=\"elementor-image-box-wrapper\"><figure class=\"elementor-image-box-img\"><img loading=\"lazy\" decoding=\"async\" width=\"1380\" height=\"920\" src=\"https:\/\/sitesa.com.br\/projetos\/modelos-wp\/mod03-22\/wp-content\/uploads\/2023\/06\/direito-familiar.jpg\" class=\"attachment-full size-full wp-image-265\" alt=\"\" srcset=\"https:\/\/sitesa.com.br\/projetos\/modelos-wp\/mod03-22\/wp-content\/uploads\/2023\/06\/direito-familiar.jpg 1380w, https:\/\/sitesa.com.br\/projetos\/modelos-wp\/mod03-22\/wp-content\/uploads\/2023\/06\/direito-familiar-200x133.jpg 200w\" \/><\/figure><div class=\"elementor-image-box-content\"><h3 class=\"elementor-image-box-title\">Direito Familiar<\/h3><p class=\"elementor-image-box-description\">O direito familiar \u00e9 um ramo do direito que trata das quest\u00f5es relacionadas \u00e0 fam\u00edlia e \u00e0s rela\u00e7\u00f5es interpessoais no \u00e2mbito familiar. Ele abrange as normas e regulamentos que regem o casamento, o div\u00f3rcio, a guarda dos filhos, a pens\u00e3o aliment\u00edcia, a ado\u00e7\u00e3o, a filia\u00e7\u00e3o, entre outros aspectos relacionados \u00e0 estrutura familiar. <\/p><\/div><\/div>\t\t<\/div>\n\t\t\t\t<\/div>\n\t\t\t\t\t\t<\/div>\n\t\t\t\t\t<\/div>\n\t\t<\/div>\n\t\t\t\t\t\t\t\t<\/div>\n\t\t\t\t\t<\/div>\n\t\t<\/section>\n\t\t\t\t<section class=\"elementor-section elementor-top-section elementor-element elementor-element-09c5f00 elementor-section-boxed elementor-section-height-default elementor-section-height-default\" data-id=\"09c5f00\" data-element_type=\"section\" data-settings=\"{&quot;background_background&quot;:&quot;classic&quot;}\">\n\t\t\t\t\t\t\t<div class=\"elementor-background-overlay\"><\/div>\n\t\t\t\t\t\t\t<div class=\"elementor-container elementor-column-gap-default\">\n\t\t\t\t\t\t\t<div class=\"elementor-row\">\n\t\t\t\t\t<div class=\"aux-parallax-section elementor-column elementor-col-50 elementor-top-column elementor-element elementor-element-16d596e\" data-id=\"16d596e\" data-element_type=\"column\">\n\t\t\t<div class=\"elementor-column-wrap elementor-element-populated\">\n\t\t\t\t\t\t\t<div class=\"elementor-widget-wrap\">\n\t\t\t\t\t\t<div class=\"elementor-element elementor-element-8c8b4eb aux-appear-watch-animation aux-slide-from-bot elementor-widget elementor-widget-aux_modern_heading\" data-id=\"8c8b4eb\" data-element_type=\"widget\" data-widget_type=\"aux_modern_heading.default\">\n\t\t\t\t<div class=\"elementor-widget-container\">\n\t\t\t<section class=\"aux-widget-modern-heading\">\n            <div class=\"aux-widget-inner\"><h2 class=\"aux-modern-heading-primary\"><\/h2><div class=\"aux-modern-heading-description\"><p>Fale com nossa equipe<\/p><\/div><\/div>\n        <\/section>\t\t<\/div>\n\t\t\t\t<\/div>\n\t\t\t\t<div class=\"elementor-element elementor-element-512c813 elementor-align-left elementor-mobile-align-center elementor-widget elementor-widget-button\" data-id=\"512c813\" data-element_type=\"widget\" data-widget_type=\"button.default\">\n\t\t\t\t<div class=\"elementor-widget-container\">\n\t\t\t\t\t<div class=\"elementor-button-wrapper\">\n\t\t\t<a class=\"elementor-button elementor-button-link elementor-size-sm elementor-animation-grow\" href=\"#\">\n\t\t\t\t\t\t<span class=\"elementor-button-content-wrapper\">\n\t\t\t\t\t\t<span class=\"elementor-button-icon elementor-align-icon-left\">\n\t\t\t\t<i aria-hidden=\"true\" class=\"fab fa-whatsapp\"><\/i>\t\t\t<\/span>\n\t\t\t\t\t\t<span class=\"elementor-button-text\">Chame no Whatsapp<\/span>\n\t\t<\/span>\n\t\t\t\t\t<\/a>\n\t\t<\/div>\n\t\t\t\t<\/div>\n\t\t\t\t<\/div>\n\t\t\t\t\t\t<\/div>\n\t\t\t\t\t<\/div>\n\t\t<\/div>\n\t\t\t\t<div class=\"aux-parallax-section elementor-column elementor-col-50 elementor-top-column elementor-element elementor-element-c2c9a9b\" data-id=\"c2c9a9b\" data-element_type=\"column\">\n\t\t\t<div class=\"elementor-column-wrap\">\n\t\t\t\t\t\t\t<div class=\"elementor-widget-wrap\">\n\t\t\t\t\t\t\t\t<\/div>\n\t\t\t\t\t<\/div>\n\t\t<\/div>\n\t\t\t\t\t\t\t\t<\/div>\n\t\t\t\t\t<\/div>\n\t\t<\/section>\n\t\t\t\t\t\t\t\t\t<\/div>\n\t\t\t<\/div>\n\t\t\t\t\t<\/div>\n\t\t","protected":false},"excerpt":{"rendered":"<p>HOME . QUEM SOMOS SERVI\u00c7OS Direito Previdenci\u00e1rio O direito previdenci\u00e1rio \u00e9 uma \u00e1rea do direito que trata dos direitos e benef\u00edcios relacionados \u00e0 previd\u00eancia social. Envolve as normas e regulamentos que regem o sistema de prote\u00e7\u00e3o social, que tem como objetivo garantir a seguran\u00e7a financeira e a prote\u00e7\u00e3o social aos trabalhadores e seus dependentes. Direito [&hellip;]<\/p>\n","protected":false},"author":1,"featured_media":0,"parent":0,"menu_order":0,"comment_status":"closed","ping_status":"closed","template":"elementor_header_footer","meta":{"_joinchat":[],"footnotes":""},"class_list":["post-249","page","type-page","status-publish","hentry"],"_links":{"self":[{"href":"https:\/\/sitesa.com.br\/projetos\/modelos-wp\/mod03-22\/wp-json\/wp\/v2\/pages\/249","targetHints":{"allow":["GET"]}}],"collection":[{"href":"https:\/\/sitesa.com.br\/projetos\/modelos-wp\/mod03-22\/wp-json\/wp\/v2\/pages"}],"about":[{"href":"https:\/\/sitesa.com.br\/projetos\/modelos-wp\/mod03-22\/wp-json\/wp\/v2\/types\/page"}],"author":[{"embeddable":true,"href":"https:\/\/sitesa.com.br\/projetos\/modelos-wp\/mod03-22\/wp-json\/wp\/v2\/users\/1"}],"replies":[{"embeddable":true,"href":"https:\/\/sitesa.com.br\/projetos\/modelos-wp\/mod03-22\/wp-json\/wp\/v2\/comments?post=249"}],"version-history":[{"count":23,"href":"https:\/\/sitesa.com.br\/projetos\/modelos-wp\/mod03-22\/wp-json\/wp\/v2\/pages\/249\/revisions"}],"predecessor-version":[{"id":356,"href":"https:\/\/sitesa.com.br\/projetos\/modelos-wp\/mod03-22\/wp-json\/wp\/v2\/pages\/249\/revisions\/356"}],"wp:attachment":[{"href":"https:\/\/sitesa.com.br\/projetos\/modelos-wp\/mod03-22\/wp-json\/wp\/v2\/media?parent=249"}],"curies":[{"name":"wp","href":"https:\/\/api.w.org\/{rel}","templated":true}]}}