{"id":329,"date":"2022-11-09T19:33:14","date_gmt":"2022-11-09T19:33:14","guid":{"rendered":"https:\/\/sitesa.com.br\/projetos\/modelos-wp\/mod05-22\/?page_id=329"},"modified":"2022-11-10T13:45:23","modified_gmt":"2022-11-10T13:45:23","slug":"servicos","status":"publish","type":"page","link":"https:\/\/sitesa.com.br\/projetos\/modelos-wp\/mod05-22\/index.php\/servicos\/","title":{"rendered":"Servi\u00e7os"},"content":{"rendered":"\t\t<div data-elementor-type=\"wp-page\" data-elementor-id=\"329\" class=\"elementor elementor-329\">\n\t\t\t\t\t\t<div class=\"elementor-inner\">\n\t\t\t\t<div class=\"elementor-section-wrap\">\n\t\t\t\t\t\t\t\t\t<section class=\"elementor-section elementor-top-section elementor-element elementor-element-b97d438 elementor-section-boxed elementor-section-height-default elementor-section-height-default\" data-id=\"b97d438\" data-element_type=\"section\">\n\t\t\t\t\t\t<div class=\"elementor-container elementor-column-gap-default\">\n\t\t\t\t\t\t\t<div class=\"elementor-row\">\n\t\t\t\t\t<div class=\"aux-parallax-section elementor-column elementor-col-50 elementor-top-column elementor-element elementor-element-737b72e\" data-id=\"737b72e\" data-element_type=\"column\">\n\t\t\t<div class=\"elementor-column-wrap elementor-element-populated\">\n\t\t\t\t\t\t\t<div class=\"elementor-widget-wrap\">\n\t\t\t\t\t\t<div class=\"aux-scroll-anim elementor-element elementor-element-dd7d691 elementor-widget__width-auto elementor-widget elementor-widget-aux_simple_svg\" data-move-in=\"fade\" data-move-out=\"moveHorizontal\" data-axis-x=\"100\" data-axis-y=\"200\" data-rotate=\"90\" data-scale=\"1\" data-vp-top=\"0.5\" data-vp-bot=\"0.5\" data-el-top=\"0.2\" data-scroll-animation-off=\"1024\" data-id=\"dd7d691\" data-element_type=\"widget\" data-widget_type=\"aux_simple_svg.default\">\n\t\t\t\t<div class=\"elementor-widget-container\">\n\t\t\t    <div class=\"aux-widget-container aux-simple-svg-container\">\n        <div class=\"aux-widget-container-inner\">\n            <div class=\"aux-the-svg\"><svg xmlns=\"http:\/\/www.w3.org\/2000\/svg\" width=\"570.685\" height=\"587.775\"><path d=\"M498.796 264.777a35.017 35.017 0 011.804 35.033l-84.052 164.162a35.017 35.017 0 01-29.26 19.006l-184.144 10.054a35.017 35.017 0 01-31.275-15.889l-99.945-153.86a35.017 35.017 0 01-1.802-35.031l84.046-164.159a35.017 35.017 0 0129.26-19.006l184.15-10.058a35.017 35.017 0 0131.273 15.887z\" fill=\"var(--e-global-color-b79d8b6)\" \/><\/svg><\/div>\n        <\/div>\n    <\/div>\n    \t\t<\/div>\n\t\t\t\t<\/div>\n\t\t\t\t<div class=\"aux-scroll-anim elementor-element elementor-element-bca0979 elementor-widget__width-auto aux-shpe-type-circle elementor-widget elementor-widget-aux_simple_shape\" data-move-in=\"fade\" data-move-out=\"moveHorizontal\" data-axis-x=\"-50\" data-axis-y=\"70\" data-rotate=\"90\" data-scale=\"1\" data-vp-top=\"0.5\" data-vp-bot=\"0.5\" data-el-top=\"0.2\" data-scroll-animation-off=\"1024\" data-id=\"bca0979\" data-element_type=\"widget\" data-widget_type=\"aux_simple_shape.default\">\n\t\t\t\t<div class=\"elementor-widget-container\">\n\t\t\t    <div class=\"aux-widget-container aux-simple-shape-container\">\n        <div class=\"aux-widget-container-inner\">\n            <div class=\"aux-the-shape\"><\/div>\n        <\/div>\n    <\/div>\n    \t\t<\/div>\n\t\t\t\t<\/div>\n\t\t\t\t<div class=\"elementor-element elementor-element-eb8dfab aux-appear-watch-animation aux-mask-from-left elementor-widget elementor-widget-aux_image\" data-id=\"eb8dfab\" data-element_type=\"widget\" data-widget_type=\"aux_image.default\">\n\t\t\t\t<div class=\"elementor-widget-container\">\n\t\t\t<section class=\"widget-container aux-widget-image aux-alignnone aux-parent-audd810674\">\n    <div class=\"aux-media-hint-frame \">\n        <div class=\"aux-media-image \" >\n        \n            \n\n            \n            <img loading=\"lazy\" decoding=\"async\" width=\"928\" height=\"645\" src=\"image\/gif;base64,R0lGODlhAQABAIAAAAAAAP\/\/\/yH5BAEAAAAALAAAAAABAAEAAAIBRAA7\" class=\"aux-attachment aux-featured-image aux-attachment-id-314 aux-preload aux-blank\" alt=\"NVRVQEJ\" data-ratio=\"1.44\" data-original-w=\"928\" data-src=\"https:\/\/sitesa.com.br\/projetos\/modelos-wp\/mod05-22\/wp-content\/uploads\/2022\/11\/NVRVQEJ.jpg\" \/>            \n                <\/div>\n    <\/div>\n\n<\/section><!-- widget-container -->\t\t<\/div>\n\t\t\t\t<\/div>\n\t\t\t\t\t\t<\/div>\n\t\t\t\t\t<\/div>\n\t\t<\/div>\n\t\t\t\t<div class=\"aux-parallax-section elementor-column elementor-col-50 elementor-top-column elementor-element elementor-element-0f63a4e\" data-id=\"0f63a4e\" data-element_type=\"column\">\n\t\t\t<div class=\"elementor-column-wrap elementor-element-populated\">\n\t\t\t\t\t\t\t<div class=\"elementor-widget-wrap\">\n\t\t\t\t\t\t<div class=\"aux-scroll-anim elementor-element elementor-element-a7a34ce elementor-widget__width-auto aux-shpe-type-circle elementor-widget elementor-widget-aux_simple_shape\" data-move-in=\"fadeTop\" data-move-out=\"moveVertical\" data-axis-x=\"200\" data-axis-y=\"-80\" data-rotate=\"90\" data-scale=\"1\" data-vp-top=\"0.5\" data-vp-bot=\"0.5\" data-el-top=\"0.2\" data-scroll-animation-off=\"1024\" data-id=\"a7a34ce\" data-element_type=\"widget\" data-widget_type=\"aux_simple_shape.default\">\n\t\t\t\t<div class=\"elementor-widget-container\">\n\t\t\t    <div class=\"aux-widget-container aux-simple-shape-container\">\n        <div class=\"aux-widget-container-inner\">\n            <div class=\"aux-the-shape\"><\/div>\n        <\/div>\n    <\/div>\n    \t\t<\/div>\n\t\t\t\t<\/div>\n\t\t\t\t<div class=\"elementor-element elementor-element-1457de8 aux-appear-watch-animation aux-fade-in-up-1 elementor-widget elementor-widget-aux_modern_heading\" data-id=\"1457de8\" data-element_type=\"widget\" data-widget_type=\"aux_modern_heading.default\">\n\t\t\t\t<div class=\"elementor-widget-container\">\n\t\t\t<section class=\"aux-widget-modern-heading\">\n            <div class=\"aux-widget-inner\"><h2 class=\"aux-modern-heading-primary\">Servi\u00e7os<\/h2><h3 class=\"aux-modern-heading-secondary\"><span class=\"aux-head-highlight\">Conhe\u00e7a a nossa empresa<\/span><\/h3><div class=\"aux-modern-heading-description\"><p>Com tradi\u00e7\u00e3o, experi\u00eancia, atualiza\u00e7\u00e3o, capacidade t\u00e9cnica e profissionais treinados e atualizados, nos dedicamos a prestar todos os servi\u00e7os referentes \u00e0s \u00e1reas cont\u00e1bil, trabalhista, fiscal e de seguros, desde a pequena empresa at\u00e9 a ind\u00fastria de grande porte, al\u00e9m de pessoas f\u00edsicas e profissionais aut\u00f4nomos de diversos ramos.<\/p><p>Veja abaixo um breve resumo dos servi\u00e7os prestados:<\/p><\/div><\/div>\n        <\/section>\t\t<\/div>\n\t\t\t\t<\/div>\n\t\t\t\t\t\t<\/div>\n\t\t\t\t\t<\/div>\n\t\t<\/div>\n\t\t\t\t\t\t\t\t<\/div>\n\t\t\t\t\t<\/div>\n\t\t<\/section>\n\t\t\t\t<section class=\"elementor-section elementor-top-section elementor-element elementor-element-6ccaf53 elementor-section-boxed elementor-section-height-default elementor-section-height-default\" data-id=\"6ccaf53\" data-element_type=\"section\" id=\"contact\" data-settings=\"{&quot;background_background&quot;:&quot;classic&quot;}\">\n\t\t\t\t\t\t<div class=\"elementor-container elementor-column-gap-default\">\n\t\t\t\t\t\t\t<div class=\"elementor-row\">\n\t\t\t\t\t<div class=\"aux-parallax-section elementor-column elementor-col-33 elementor-top-column elementor-element elementor-element-d2d7312\" data-id=\"d2d7312\" data-element_type=\"column\">\n\t\t\t<div class=\"elementor-column-wrap elementor-element-populated\">\n\t\t\t\t\t\t\t<div class=\"elementor-widget-wrap\">\n\t\t\t\t\t\t<div class=\"elementor-element elementor-element-b39ce89 bdt-navigation-type-none e-transform elementor-widget elementor-widget-bdt-fancy-slider\" data-id=\"b39ce89\" data-element_type=\"widget\" data-settings=\"{&quot;_transform_translateY_effect_hover&quot;:{&quot;unit&quot;:&quot;px&quot;,&quot;size&quot;:-10,&quot;sizes&quot;:[]},&quot;_transform_translateX_effect_hover&quot;:{&quot;unit&quot;:&quot;px&quot;,&quot;size&quot;:&quot;&quot;,&quot;sizes&quot;:[]},&quot;_transform_translateX_effect_hover_tablet&quot;:{&quot;unit&quot;:&quot;px&quot;,&quot;size&quot;:&quot;&quot;,&quot;sizes&quot;:[]},&quot;_transform_translateX_effect_hover_mobile&quot;:{&quot;unit&quot;:&quot;px&quot;,&quot;size&quot;:&quot;&quot;,&quot;sizes&quot;:[]},&quot;_transform_translateY_effect_hover_tablet&quot;:{&quot;unit&quot;:&quot;px&quot;,&quot;size&quot;:&quot;&quot;,&quot;sizes&quot;:[]},&quot;_transform_translateY_effect_hover_mobile&quot;:{&quot;unit&quot;:&quot;px&quot;,&quot;size&quot;:&quot;&quot;,&quot;sizes&quot;:[]}}\" data-widget_type=\"bdt-fancy-slider.default\">\n\t\t\t\t<div class=\"elementor-widget-container\">\n\t\t\t\t\t<div id=\"bdt-ep-fancy-slider-b39ce89\" class=\"bdt-ep-fancy-slider\" data-settings=\"{&quot;speed&quot;:500,&quot;effect&quot;:&quot;fade&quot;,&quot;fadeEffect&quot;:{&quot;crossFade&quot;:true},&quot;lazy&quot;:true,&quot;slidesPerView&quot;:1,&quot;navigation&quot;:{&quot;nextEl&quot;:&quot;#bdt-ep-fancy-slider-b39ce89 .bdt-navigation-next&quot;,&quot;prevEl&quot;:&quot;#bdt-ep-fancy-slider-b39ce89 .bdt-navigation-prev&quot;},&quot;pagination&quot;:{&quot;el&quot;:&quot;#bdt-ep-fancy-slider-b39ce89 .swiper-pagination&quot;,&quot;type&quot;:&quot;&quot;,&quot;clickable&quot;:&quot;true&quot;,&quot;dynamicBullets&quot;:false},&quot;scrollbar&quot;:{&quot;el&quot;:&quot;#bdt-ep-fancy-slider-b39ce89 .swiper-scrollbar&quot;,&quot;hide&quot;:&quot;true&quot;}}\">\n\t\t\t<div class=\"swiper-container\">\n\t\t\t\t<div class=\"swiper-wrapper\">\n\t\t\n\t\t\t\t\t<div class=\"swiper-slide bdt-ep-fancy-slider-item elementor-repeater-item-0e37eeb\">\n\n\t\t\t\t\t\t\n\t\t\t\t<div class=\"bdt-ep-fancy-slider-image\">\n\t\t\t\t\t\t\t\t\t\t\t<div class=\"bdt-ep-fancy-slider-img swiper-lazy\">\n\t\t\t\t\t\t\t        <img decoding=\"async\" src=\"https:\/\/sitesa.com.br\/projetos\/modelos-wp\/mod05-22\/wp-content\/uploads\/2022\/11\/serv001.jpg\" alt=\"DEPARTAMENTO CONT\u00c1BIL\">\n        \t\t\t\t\t\t\t<div class=\"swiper-lazy-preloader swiper-lazy-preloader-white\"><\/div>\n\t\t\t\t\t\t<\/div>\n\t\t\t\t\t\t\t\t\t<\/div>\n\n\t\t\t\t<div class=\"bdt-ep-fancy-slider-content\">\n\t\t\t\t\t\n\t\t\t\t\t\t\t\t\t\t\t<h2 class=\"bdt-ep-fancy-slider-title\">\n\t\t\t\t\t\t\t\t\t\t\t\t\t\t\tDEPARTAMENTO CONT\u00c1BIL\t\t\t\t\t\t\t\t\t\t\t\t\t<\/h2>\n\t\t\t\t\t\n\t\t\t\t\t\t\t\t\t\t\t<div class=\"bdt-ep-fancy-slider-text\">\n\t\t\t\t\t\t\t<p>Elabora\u00e7\u00e3o de pe\u00e7as cont\u00e1beis, tais como:<\/p><p>\u25aa Balancetes;<br \/>\u25aa Raz\u00e3o;<br \/>\u25aa Demonstrativos;<br \/>\u25aa Escritura\u00e7\u00e3o de livro-caixa e\/ou di\u00e1rio;<br \/>\u25aa Emiss\u00e3o de Balan\u00e7o Patrimonial;<br \/>\u25aa Levantamento de balancetes de verifica\u00e7\u00e3o;<br \/>\u25aa Demonstra\u00e7\u00e3o das mudan\u00e7as do patrim\u00f4nio l\u00edquido e dos lucros ou preju\u00edzos acumulados;<br \/>\u25aa Declara\u00e7\u00e3o de imposto de renda de pessoa jur\u00eddica;<br \/>\u25aa Outros.<\/p>\t\t\t\t\t\t<\/div>\n\t\t\t\t\t\n\t\t\t\t\t\t\t\t\t<\/div>\n\n\t\t\n\t\t\t        <\/div>\n\n\t\t\t\t\t\t<\/div>\r\n\t\t\t\t<\/div>\r\n\r\n\t\t\t\t\t\t\t\t\t\t\r\n\t\t<\/div>\r\n\r\n\t\t<\/div>\n\t\t\t\t<\/div>\n\t\t\t\t\t\t<\/div>\n\t\t\t\t\t<\/div>\n\t\t<\/div>\n\t\t\t\t<div class=\"aux-parallax-section elementor-column elementor-col-33 elementor-top-column elementor-element elementor-element-8c2f3e3\" data-id=\"8c2f3e3\" data-element_type=\"column\">\n\t\t\t<div class=\"elementor-column-wrap elementor-element-populated\">\n\t\t\t\t\t\t\t<div class=\"elementor-widget-wrap\">\n\t\t\t\t\t\t<div class=\"elementor-element elementor-element-6d64b46 bdt-navigation-type-none e-transform elementor-widget elementor-widget-bdt-fancy-slider\" data-id=\"6d64b46\" data-element_type=\"widget\" data-settings=\"{&quot;_transform_translateY_effect_hover&quot;:{&quot;unit&quot;:&quot;px&quot;,&quot;size&quot;:-10,&quot;sizes&quot;:[]},&quot;_transform_translateX_effect_hover&quot;:{&quot;unit&quot;:&quot;px&quot;,&quot;size&quot;:&quot;&quot;,&quot;sizes&quot;:[]},&quot;_transform_translateX_effect_hover_tablet&quot;:{&quot;unit&quot;:&quot;px&quot;,&quot;size&quot;:&quot;&quot;,&quot;sizes&quot;:[]},&quot;_transform_translateX_effect_hover_mobile&quot;:{&quot;unit&quot;:&quot;px&quot;,&quot;size&quot;:&quot;&quot;,&quot;sizes&quot;:[]},&quot;_transform_translateY_effect_hover_tablet&quot;:{&quot;unit&quot;:&quot;px&quot;,&quot;size&quot;:&quot;&quot;,&quot;sizes&quot;:[]},&quot;_transform_translateY_effect_hover_mobile&quot;:{&quot;unit&quot;:&quot;px&quot;,&quot;size&quot;:&quot;&quot;,&quot;sizes&quot;:[]}}\" data-widget_type=\"bdt-fancy-slider.default\">\n\t\t\t\t<div class=\"elementor-widget-container\">\n\t\t\t\t\t<div id=\"bdt-ep-fancy-slider-6d64b46\" class=\"bdt-ep-fancy-slider\" data-settings=\"{&quot;speed&quot;:500,&quot;effect&quot;:&quot;fade&quot;,&quot;fadeEffect&quot;:{&quot;crossFade&quot;:true},&quot;lazy&quot;:true,&quot;slidesPerView&quot;:1,&quot;navigation&quot;:{&quot;nextEl&quot;:&quot;#bdt-ep-fancy-slider-6d64b46 .bdt-navigation-next&quot;,&quot;prevEl&quot;:&quot;#bdt-ep-fancy-slider-6d64b46 .bdt-navigation-prev&quot;},&quot;pagination&quot;:{&quot;el&quot;:&quot;#bdt-ep-fancy-slider-6d64b46 .swiper-pagination&quot;,&quot;type&quot;:&quot;&quot;,&quot;clickable&quot;:&quot;true&quot;,&quot;dynamicBullets&quot;:false},&quot;scrollbar&quot;:{&quot;el&quot;:&quot;#bdt-ep-fancy-slider-6d64b46 .swiper-scrollbar&quot;,&quot;hide&quot;:&quot;true&quot;}}\">\n\t\t\t<div class=\"swiper-container\">\n\t\t\t\t<div class=\"swiper-wrapper\">\n\t\t\n\t\t\t\t\t<div class=\"swiper-slide bdt-ep-fancy-slider-item elementor-repeater-item-0e37eeb\">\n\n\t\t\t\t\t\t\n\t\t\t\t<div class=\"bdt-ep-fancy-slider-image\">\n\t\t\t\t\t\t\t\t\t\t\t<div class=\"bdt-ep-fancy-slider-img swiper-lazy\">\n\t\t\t\t\t\t\t        <img decoding=\"async\" src=\"https:\/\/sitesa.com.br\/projetos\/modelos-wp\/mod05-22\/wp-content\/uploads\/2022\/11\/serv002.jpg\" alt=\"DEPARTAMENTO FISCAL\">\n        \t\t\t\t\t\t\t<div class=\"swiper-lazy-preloader swiper-lazy-preloader-white\"><\/div>\n\t\t\t\t\t\t<\/div>\n\t\t\t\t\t\t\t\t\t<\/div>\n\n\t\t\t\t<div class=\"bdt-ep-fancy-slider-content\">\n\t\t\t\t\t\n\t\t\t\t\t\t\t\t\t\t\t<h2 class=\"bdt-ep-fancy-slider-title\">\n\t\t\t\t\t\t\t\t\t\t\t\t\t\t\tDEPARTAMENTO FISCAL\t\t\t\t\t\t\t\t\t\t\t\t\t<\/h2>\n\t\t\t\t\t\n\t\t\t\t\t\t\t\t\t\t\t<div class=\"bdt-ep-fancy-slider-text\">\n\t\t\t\t\t\t\t<p>\u25aa Atendimento das obriga\u00e7\u00f5es acess\u00f3rias;<br \/>\u25aa Elabora\u00e7\u00e3o de todas as obriga\u00e7\u00f5es fiscais relativas ao Estado: GIA, ICMS, DIPI, DIPAM e TLIF;<br \/>\u25aa Elabora\u00e7\u00e3o da DCTF: Declara\u00e7\u00e3o de D\u00e9bitos e Cr\u00e9ditos Tribut\u00e1rios, Federais \u2013 Trimestral;<br \/>\u25aa Elabora\u00e7\u00e3o da Declara\u00e7\u00e3o Simplificada: para empresas optantes pelo Simples e Inativas;<br \/>\u25aa Elabora\u00e7\u00e3o da Declara\u00e7\u00e3o do Imposto de Renda: para empresas com Lucro Real, Presumido, Arbitrado, Isentas e Imunes;<br \/>\u25aa Apura\u00e7\u00e3o e controle dos impostos de empresa enquadrada no Simples;<br \/>\u25aa Apura\u00e7\u00e3o e controle dos impostos e taxas municipais: ISS, etc.;<br \/>\u25aa Apura\u00e7\u00e3o e controle dos impostos estaduais: ICMS e Simples Paulista;<br \/>\u25aa Apura\u00e7\u00e3o e controle dos impostos federais: PIS, Cofins, IRPJ e CSSL;<br \/>\u25aa Escritura\u00e7\u00e3o de livros fiscais (entradas e sa\u00eddas);<br \/>\u25aa Outros.<\/p>\t\t\t\t\t\t<\/div>\n\t\t\t\t\t\n\t\t\t\t\t\t\t\t\t<\/div>\n\n\t\t\n\t\t\t        <\/div>\n\n\t\t\t\t\t\t<\/div>\r\n\t\t\t\t<\/div>\r\n\r\n\t\t\t\t\t\t\t\t\t\t\r\n\t\t<\/div>\r\n\r\n\t\t<\/div>\n\t\t\t\t<\/div>\n\t\t\t\t\t\t<\/div>\n\t\t\t\t\t<\/div>\n\t\t<\/div>\n\t\t\t\t<div class=\"aux-parallax-section elementor-column elementor-col-33 elementor-top-column elementor-element elementor-element-43eb96d\" data-id=\"43eb96d\" data-element_type=\"column\">\n\t\t\t<div class=\"elementor-column-wrap elementor-element-populated\">\n\t\t\t\t\t\t\t<div class=\"elementor-widget-wrap\">\n\t\t\t\t\t\t<div class=\"elementor-element elementor-element-3972701 bdt-navigation-type-none e-transform elementor-widget elementor-widget-bdt-fancy-slider\" data-id=\"3972701\" data-element_type=\"widget\" data-settings=\"{&quot;_transform_translateY_effect_hover&quot;:{&quot;unit&quot;:&quot;px&quot;,&quot;size&quot;:-10,&quot;sizes&quot;:[]},&quot;_transform_translateX_effect_hover&quot;:{&quot;unit&quot;:&quot;px&quot;,&quot;size&quot;:&quot;&quot;,&quot;sizes&quot;:[]},&quot;_transform_translateX_effect_hover_tablet&quot;:{&quot;unit&quot;:&quot;px&quot;,&quot;size&quot;:&quot;&quot;,&quot;sizes&quot;:[]},&quot;_transform_translateX_effect_hover_mobile&quot;:{&quot;unit&quot;:&quot;px&quot;,&quot;size&quot;:&quot;&quot;,&quot;sizes&quot;:[]},&quot;_transform_translateY_effect_hover_tablet&quot;:{&quot;unit&quot;:&quot;px&quot;,&quot;size&quot;:&quot;&quot;,&quot;sizes&quot;:[]},&quot;_transform_translateY_effect_hover_mobile&quot;:{&quot;unit&quot;:&quot;px&quot;,&quot;size&quot;:&quot;&quot;,&quot;sizes&quot;:[]}}\" data-widget_type=\"bdt-fancy-slider.default\">\n\t\t\t\t<div class=\"elementor-widget-container\">\n\t\t\t\t\t<div id=\"bdt-ep-fancy-slider-3972701\" class=\"bdt-ep-fancy-slider\" data-settings=\"{&quot;speed&quot;:500,&quot;effect&quot;:&quot;fade&quot;,&quot;fadeEffect&quot;:{&quot;crossFade&quot;:true},&quot;lazy&quot;:true,&quot;slidesPerView&quot;:1,&quot;navigation&quot;:{&quot;nextEl&quot;:&quot;#bdt-ep-fancy-slider-3972701 .bdt-navigation-next&quot;,&quot;prevEl&quot;:&quot;#bdt-ep-fancy-slider-3972701 .bdt-navigation-prev&quot;},&quot;pagination&quot;:{&quot;el&quot;:&quot;#bdt-ep-fancy-slider-3972701 .swiper-pagination&quot;,&quot;type&quot;:&quot;&quot;,&quot;clickable&quot;:&quot;true&quot;,&quot;dynamicBullets&quot;:false},&quot;scrollbar&quot;:{&quot;el&quot;:&quot;#bdt-ep-fancy-slider-3972701 .swiper-scrollbar&quot;,&quot;hide&quot;:&quot;true&quot;}}\">\n\t\t\t<div class=\"swiper-container\">\n\t\t\t\t<div class=\"swiper-wrapper\">\n\t\t\n\t\t\t\t\t<div class=\"swiper-slide bdt-ep-fancy-slider-item elementor-repeater-item-0e37eeb\">\n\n\t\t\t\t\t\t\n\t\t\t\t<div class=\"bdt-ep-fancy-slider-image\">\n\t\t\t\t\t\t\t\t\t\t\t<div class=\"bdt-ep-fancy-slider-img swiper-lazy\">\n\t\t\t\t\t\t\t        <img decoding=\"async\" src=\"https:\/\/sitesa.com.br\/projetos\/modelos-wp\/mod05-22\/wp-content\/uploads\/2022\/11\/serv003.jpg\" alt=\"DEPARTAMENTO PESSOAL\">\n        \t\t\t\t\t\t\t<div class=\"swiper-lazy-preloader swiper-lazy-preloader-white\"><\/div>\n\t\t\t\t\t\t<\/div>\n\t\t\t\t\t\t\t\t\t<\/div>\n\n\t\t\t\t<div class=\"bdt-ep-fancy-slider-content\">\n\t\t\t\t\t\n\t\t\t\t\t\t\t\t\t\t\t<h2 class=\"bdt-ep-fancy-slider-title\">\n\t\t\t\t\t\t\t\t\t\t\t\t\t\t\tDEPARTAMENTO PESSOAL\t\t\t\t\t\t\t\t\t\t\t\t\t<\/h2>\n\t\t\t\t\t\n\t\t\t\t\t\t\t\t\t\t\t<div class=\"bdt-ep-fancy-slider-text\">\n\t\t\t\t\t\t\t<p>A rotina trabalhista \u00e9 uma das mais importantes de uma empresa, e uma das rotinas com maior n\u00famero de obriga\u00e7\u00f5es e declara\u00e7\u00f5es.<\/p><p>\u00a0<\/p><p>Por isso oferecemos assessoria trabalhista, fazendo um acompanhamento completo de todas as obriga\u00e7\u00f5es trabalhistas, desde a admiss\u00e3o do funcion\u00e1rio at\u00e9 sua demiss\u00e3o, como a parte de INSS, FGTS, CAGED e outros.<\/p><p>\u00a0<\/p><p>O servi\u00e7o \u00e9 informatizado e atualizado conforme a legisla\u00e7\u00e3o vigente.<\/p>\t\t\t\t\t\t<\/div>\n\t\t\t\t\t\n\t\t\t\t\t\t\t\t\t<\/div>\n\n\t\t\n\t\t\t        <\/div>\n\n\t\t\t\t\t\t<\/div>\r\n\t\t\t\t<\/div>\r\n\r\n\t\t\t\t\t\t\t\t\t\t\r\n\t\t<\/div>\r\n\r\n\t\t<\/div>\n\t\t\t\t<\/div>\n\t\t\t\t\t\t<\/div>\n\t\t\t\t\t<\/div>\n\t\t<\/div>\n\t\t\t\t\t\t\t\t<\/div>\n\t\t\t\t\t<\/div>\n\t\t<\/section>\n\t\t\t\t\t\t\t\t\t<\/div>\n\t\t\t<\/div>\n\t\t\t\t\t<\/div>\n\t\t","protected":false},"excerpt":{"rendered":"<p>Servi\u00e7os Conhe\u00e7a a nossa empresa Com tradi\u00e7\u00e3o, experi\u00eancia, atualiza\u00e7\u00e3o, capacidade t\u00e9cnica e profissionais treinados e atualizados, nos dedicamos a prestar todos os servi\u00e7os referentes \u00e0s \u00e1reas cont\u00e1bil, trabalhista, fiscal e de seguros, desde a pequena empresa at\u00e9 a ind\u00fastria de grande porte, al\u00e9m de pessoas f\u00edsicas e profissionais aut\u00f4nomos de diversos ramos. Veja abaixo um [&hellip;]<\/p>\n","protected":false},"author":1,"featured_media":0,"parent":0,"menu_order":0,"comment_status":"closed","ping_status":"closed","template":"templates\/page-builder-content.php","meta":{"footnotes":""},"class_list":["post-329","page","type-page","status-publish","hentry"],"_links":{"self":[{"href":"https:\/\/sitesa.com.br\/projetos\/modelos-wp\/mod05-22\/index.php\/wp-json\/wp\/v2\/pages\/329","targetHints":{"allow":["GET"]}}],"collection":[{"href":"https:\/\/sitesa.com.br\/projetos\/modelos-wp\/mod05-22\/index.php\/wp-json\/wp\/v2\/pages"}],"about":[{"href":"https:\/\/sitesa.com.br\/projetos\/modelos-wp\/mod05-22\/index.php\/wp-json\/wp\/v2\/types\/page"}],"author":[{"embeddable":true,"href":"https:\/\/sitesa.com.br\/projetos\/modelos-wp\/mod05-22\/index.php\/wp-json\/wp\/v2\/users\/1"}],"replies":[{"embeddable":true,"href":"https:\/\/sitesa.com.br\/projetos\/modelos-wp\/mod05-22\/index.php\/wp-json\/wp\/v2\/comments?post=329"}],"version-history":[{"count":34,"href":"https:\/\/sitesa.com.br\/projetos\/modelos-wp\/mod05-22\/index.php\/wp-json\/wp\/v2\/pages\/329\/revisions"}],"predecessor-version":[{"id":376,"href":"https:\/\/sitesa.com.br\/projetos\/modelos-wp\/mod05-22\/index.php\/wp-json\/wp\/v2\/pages\/329\/revisions\/376"}],"wp:attachment":[{"href":"https:\/\/sitesa.com.br\/projetos\/modelos-wp\/mod05-22\/index.php\/wp-json\/wp\/v2\/media?parent=329"}],"curies":[{"name":"wp","href":"https:\/\/api.w.org\/{rel}","templated":true}]}}