{"id":53,"date":"2020-01-15T06:57:03","date_gmt":"2020-01-15T06:57:03","guid":{"rendered":"https:\/\/sitesa.com.br\/projetos\/modelos-wp\/mod05-22\/index.php\/about-us\/"},"modified":"2022-11-09T20:26:01","modified_gmt":"2022-11-09T20:26:01","slug":"sobre-nos","status":"publish","type":"page","link":"https:\/\/sitesa.com.br\/projetos\/modelos-wp\/mod05-22\/index.php\/sobre-nos\/","title":{"rendered":"Sobre n\u00f3s"},"content":{"rendered":"\t\t<div data-elementor-type=\"wp-page\" data-elementor-id=\"53\" class=\"elementor elementor-53\">\n\t\t\t\t\t\t<div class=\"elementor-inner\">\n\t\t\t\t<div class=\"elementor-section-wrap\">\n\t\t\t\t\t\t\t\t\t<section class=\"elementor-section elementor-top-section elementor-element elementor-element-b97d438 elementor-section-boxed elementor-section-height-default elementor-section-height-default\" data-id=\"b97d438\" data-element_type=\"section\">\n\t\t\t\t\t\t<div class=\"elementor-container elementor-column-gap-default\">\n\t\t\t\t\t\t\t<div class=\"elementor-row\">\n\t\t\t\t\t<div class=\"aux-parallax-section elementor-column elementor-col-50 elementor-top-column elementor-element elementor-element-737b72e\" data-id=\"737b72e\" data-element_type=\"column\">\n\t\t\t<div class=\"elementor-column-wrap elementor-element-populated\">\n\t\t\t\t\t\t\t<div class=\"elementor-widget-wrap\">\n\t\t\t\t\t\t<div class=\"aux-scroll-anim elementor-element elementor-element-dd7d691 elementor-widget__width-auto elementor-widget elementor-widget-aux_simple_svg\" data-move-in=\"fade\" data-move-out=\"moveHorizontal\" data-axis-x=\"100\" data-axis-y=\"200\" data-rotate=\"90\" data-scale=\"1\" data-vp-top=\"0.5\" data-vp-bot=\"0.5\" data-el-top=\"0.2\" data-scroll-animation-off=\"1024\" data-id=\"dd7d691\" data-element_type=\"widget\" data-widget_type=\"aux_simple_svg.default\">\n\t\t\t\t<div class=\"elementor-widget-container\">\n\t\t\t    <div class=\"aux-widget-container aux-simple-svg-container\">\n        <div class=\"aux-widget-container-inner\">\n            <div class=\"aux-the-svg\"><svg xmlns=\"http:\/\/www.w3.org\/2000\/svg\" width=\"570.685\" height=\"587.775\"><path d=\"M498.796 264.777a35.017 35.017 0 011.804 35.033l-84.052 164.162a35.017 35.017 0 01-29.26 19.006l-184.144 10.054a35.017 35.017 0 01-31.275-15.889l-99.945-153.86a35.017 35.017 0 01-1.802-35.031l84.046-164.159a35.017 35.017 0 0129.26-19.006l184.15-10.058a35.017 35.017 0 0131.273 15.887z\" fill=\"var(--e-global-color-b79d8b6)\" \/><\/svg><\/div>\n        <\/div>\n    <\/div>\n    \t\t<\/div>\n\t\t\t\t<\/div>\n\t\t\t\t<div class=\"aux-scroll-anim elementor-element elementor-element-bca0979 elementor-widget__width-auto aux-shpe-type-circle elementor-widget elementor-widget-aux_simple_shape\" data-move-in=\"fade\" data-move-out=\"moveHorizontal\" data-axis-x=\"-50\" data-axis-y=\"70\" data-rotate=\"90\" data-scale=\"1\" data-vp-top=\"0.5\" data-vp-bot=\"0.5\" data-el-top=\"0.2\" data-scroll-animation-off=\"1024\" data-id=\"bca0979\" data-element_type=\"widget\" data-widget_type=\"aux_simple_shape.default\">\n\t\t\t\t<div class=\"elementor-widget-container\">\n\t\t\t    <div class=\"aux-widget-container aux-simple-shape-container\">\n        <div class=\"aux-widget-container-inner\">\n            <div class=\"aux-the-shape\"><\/div>\n        <\/div>\n    <\/div>\n    \t\t<\/div>\n\t\t\t\t<\/div>\n\t\t\t\t<div class=\"elementor-element elementor-element-eb8dfab aux-appear-watch-animation aux-mask-from-left elementor-widget elementor-widget-aux_image\" data-id=\"eb8dfab\" data-element_type=\"widget\" data-widget_type=\"aux_image.default\">\n\t\t\t\t<div class=\"elementor-widget-container\">\n\t\t\t<section class=\"widget-container aux-widget-image aux-alignnone aux-parent-aude25416e\">\n    <div class=\"aux-media-hint-frame \">\n        <div class=\"aux-media-image \" >\n        \n            \n\n            \n            <img loading=\"lazy\" decoding=\"async\" width=\"928\" height=\"645\" src=\"image\/gif;base64,R0lGODlhAQABAIAAAAAAAP\/\/\/yH5BAEAAAAALAAAAAABAAEAAAIBRAA7\" class=\"aux-attachment aux-featured-image aux-attachment-id-331 aux-preload aux-blank\" alt=\"0NVRVQEJ\" data-ratio=\"1.44\" data-original-w=\"928\" data-src=\"https:\/\/sitesa.com.br\/projetos\/modelos-wp\/mod05-22\/wp-content\/uploads\/2022\/11\/0NVRVQEJ.jpg\" \/>            \n                <\/div>\n    <\/div>\n\n<\/section><!-- widget-container -->\t\t<\/div>\n\t\t\t\t<\/div>\n\t\t\t\t\t\t<\/div>\n\t\t\t\t\t<\/div>\n\t\t<\/div>\n\t\t\t\t<div class=\"aux-parallax-section elementor-column elementor-col-50 elementor-top-column elementor-element elementor-element-0f63a4e\" data-id=\"0f63a4e\" data-element_type=\"column\">\n\t\t\t<div class=\"elementor-column-wrap elementor-element-populated\">\n\t\t\t\t\t\t\t<div class=\"elementor-widget-wrap\">\n\t\t\t\t\t\t<div class=\"aux-scroll-anim elementor-element elementor-element-a7a34ce elementor-widget__width-auto aux-shpe-type-circle elementor-widget elementor-widget-aux_simple_shape\" data-move-in=\"fadeTop\" data-move-out=\"moveVertical\" data-axis-x=\"200\" data-axis-y=\"-80\" data-rotate=\"90\" data-scale=\"1\" data-vp-top=\"0.5\" data-vp-bot=\"0.5\" data-el-top=\"0.2\" data-scroll-animation-off=\"1024\" data-id=\"a7a34ce\" data-element_type=\"widget\" data-widget_type=\"aux_simple_shape.default\">\n\t\t\t\t<div class=\"elementor-widget-container\">\n\t\t\t    <div class=\"aux-widget-container aux-simple-shape-container\">\n        <div class=\"aux-widget-container-inner\">\n            <div class=\"aux-the-shape\"><\/div>\n        <\/div>\n    <\/div>\n    \t\t<\/div>\n\t\t\t\t<\/div>\n\t\t\t\t<div class=\"elementor-element elementor-element-1457de8 aux-appear-watch-animation aux-fade-in-up-1 elementor-widget elementor-widget-aux_modern_heading\" data-id=\"1457de8\" data-element_type=\"widget\" data-widget_type=\"aux_modern_heading.default\">\n\t\t\t\t<div class=\"elementor-widget-container\">\n\t\t\t<section class=\"aux-widget-modern-heading\">\n            <div class=\"aux-widget-inner\"><h2 class=\"aux-modern-heading-primary\">Servi\u00e7os<\/h2><h3 class=\"aux-modern-heading-secondary\"><span class=\"aux-head-highlight\">Para a pr\u00f3xima gera\u00e7\u00e3o de grandes neg\u00f3cios<\/span><\/h3><div class=\"aux-modern-heading-description\"><p>Atrav\u00e9s da experi\u00eancia adquirida ao longo de anos de atua\u00e7\u00e3o, a\u00a0<strong>Cont\u00e1bil Demonstra\u00e7\u00e3o<\/strong>\u00a0conhece a fundo as necessidades do mercado e assim executa servi\u00e7os diferenciados de contabilidade.<\/p><p>Sua estrutura conta com uma equipe de colaboradores altamente qualificados, que passam por aperfei\u00e7oamento constante nas \u00e1reas tribut\u00e1ria, cont\u00e1bil, fiscal e trabalhista.<\/p><\/div><\/div>\n        <\/section>\t\t<\/div>\n\t\t\t\t<\/div>\n\t\t\t\t\t\t<\/div>\n\t\t\t\t\t<\/div>\n\t\t<\/div>\n\t\t\t\t\t\t\t\t<\/div>\n\t\t\t\t\t<\/div>\n\t\t<\/section>\n\t\t\t\t<section class=\"elementor-section elementor-top-section elementor-element elementor-element-6ccaf53 elementor-section-boxed elementor-section-height-default elementor-section-height-default\" data-id=\"6ccaf53\" data-element_type=\"section\" id=\"contact\" data-settings=\"{&quot;background_background&quot;:&quot;classic&quot;}\">\n\t\t\t\t\t\t<div class=\"elementor-container elementor-column-gap-default\">\n\t\t\t\t\t\t\t<div class=\"elementor-row\">\n\t\t\t\t\t<div class=\"aux-parallax-section elementor-column elementor-col-100 elementor-top-column elementor-element elementor-element-2f05f38\" data-id=\"2f05f38\" data-element_type=\"column\">\n\t\t\t<div class=\"elementor-column-wrap elementor-element-populated\">\n\t\t\t\t\t\t\t<div class=\"elementor-widget-wrap\">\n\t\t\t\t\t\t<div class=\"elementor-element elementor-element-0a107ba elementor-widget elementor-widget-bdt-fancy-tabs\" data-id=\"0a107ba\" data-element_type=\"widget\" data-widget_type=\"bdt-fancy-tabs.default\">\n\t\t\t\t<div class=\"elementor-widget-container\">\n\t\t\t\t\t<div id=\"bdt-ep-fancy-tabs-0a107ba\" class=\"bdt-ep-fancy-tabs\" data-settings=\"{&quot;tabs_id&quot;:&quot;bdt-ep-fancy-tabs-0a107ba&quot;,&quot;mouse_event&quot;:&quot;mouseover&quot;}\">\n\t\t\t<div class=\"bdt-grid bdt-flex bdt-flex-middle\">\n\n\t\t\t\t\t\t\t\t\t<div class=\"bdt-width-1-1 bdt-width-1-2@s bdt-flex-center bdt-custom-width\">\n\t\t\t\t\t\t\t\t\t<div data-bdt-ep-fancy-tabs-items=\"connect: #bdt-tab-content-0a107ba;\">\n\t\t\t\t<div class=\"bdt-grid bdt-grid-medium bdt-child-width-1-1 bdt-child-width-1-2@s bdt-child-width-1-2@l\" data-bdt-grid>\n\n\t\t\t\t\t\t\t\t\t\t\t<div>\n\t\t\t\t\t\t\t<div class=\"bdt-ep-fancy-tabs-item active\" data-id=\"bdt-tab-10a107ba\">\n\t\t\t\t\t\t\t\t<a class=\"bdt-ep-fancy-tabs-icon-box\" href=\"javascript:void(0);\" data-tab-index=\"0\" >\n\n\t\t\t\t\t\t\t\t\t\t\t\t\t\t\t\t\t<span class=\"bdt-ep-fancy-tabs-icon\">\n\t\t\t\t\t\t\t\t\t\t\n\t\t\t\t\t\t\t\t\t\t\t<i aria-hidden=\"true\" class=\"far fa-handshake\"><\/i>\n\t\t\t\t\t\t\t\t\t\t\t\t\t\t\t\t\t\t\t<\/span>\n\t\t\t\t\t\t\t\t\n\t\t\t\t\t\t\t\t<\/a>\n\t\t\t\t\t\t\t<\/div>\n\t\t\t\t\t\t<\/div>\n\t\t\t\t\t\t\t\t\t\t\t<div>\n\t\t\t\t\t\t\t<div class=\"bdt-ep-fancy-tabs-item\" data-id=\"bdt-tab-20a107ba\">\n\t\t\t\t\t\t\t\t<a class=\"bdt-ep-fancy-tabs-icon-box\" href=\"javascript:void(0);\" data-tab-index=\"1\" >\n\n\t\t\t\t\t\t\t\t\t\t\t\t\t\t\t\t\t<span class=\"bdt-ep-fancy-tabs-icon\">\n\t\t\t\t\t\t\t\t\t\t\n\t\t\t\t\t\t\t\t\t\t\t<i aria-hidden=\"true\" class=\"far fa-eye\"><\/i>\n\t\t\t\t\t\t\t\t\t\t\t\t\t\t\t\t\t\t\t<\/span>\n\t\t\t\t\t\t\t\t\n\t\t\t\t\t\t\t\t<\/a>\n\t\t\t\t\t\t\t<\/div>\n\t\t\t\t\t\t<\/div>\n\t\t\t\t\t\t\t\t\t\t\t<div>\n\t\t\t\t\t\t\t<div class=\"bdt-ep-fancy-tabs-item\" data-id=\"bdt-tab-30a107ba\">\n\t\t\t\t\t\t\t\t<a class=\"bdt-ep-fancy-tabs-icon-box\" href=\"javascript:void(0);\" data-tab-index=\"2\" >\n\n\t\t\t\t\t\t\t\t\t\t\t\t\t\t\t\t\t<span class=\"bdt-ep-fancy-tabs-icon\">\n\t\t\t\t\t\t\t\t\t\t\n\t\t\t\t\t\t\t\t\t\t\t<i aria-hidden=\"true\" class=\"fas fa-gem\"><\/i>\n\t\t\t\t\t\t\t\t\t\t\t\t\t\t\t\t\t\t\t<\/span>\n\t\t\t\t\t\t\t\t\n\t\t\t\t\t\t\t\t<\/a>\n\t\t\t\t\t\t\t<\/div>\n\t\t\t\t\t\t<\/div>\n\t\t\t\t\t\t\t\t\t\t\t<div>\n\t\t\t\t\t\t\t<div class=\"bdt-ep-fancy-tabs-item\" data-id=\"bdt-tab-40a107ba\">\n\t\t\t\t\t\t\t\t<a class=\"bdt-ep-fancy-tabs-icon-box\" href=\"javascript:void(0);\" data-tab-index=\"3\" >\n\n\t\t\t\t\t\t\t\t\t\t\t\t\t\t\t\t\t<span class=\"bdt-ep-fancy-tabs-icon\">\n\t\t\t\t\t\t\t\t\t\t\n\t\t\t\t\t\t\t\t\t\t\t<i aria-hidden=\"true\" class=\"fas fa-users\"><\/i>\n\t\t\t\t\t\t\t\t\t\t\t\t\t\t\t\t\t\t\t<\/span>\n\t\t\t\t\t\t\t\t\n\t\t\t\t\t\t\t\t<\/a>\n\t\t\t\t\t\t\t<\/div>\n\t\t\t\t\t\t<\/div>\n\t\t\t\t\t\n\t\t\t\t<\/div>\n\t\t\t<\/div>\n\t\t\t\t\t\t\t<\/div>\n\t\t\t\t\t<div class=\"bdt-width-1-1 bdt-width-expand@s\">\n\t\t\t\t\t\t\t\t\t<div class=\"bdt-ep-fancy-tabs-content-wrap\">\n\t\t\t\n\t\t\t\t<div id=\"bdt-tab-10a107ba\" class=\"bdt-ep-fancy-tabs-content active\">\n\n\t\t\t\t\t\t\t\t\t\t\t<div class=\"bdt-ep-fancy-tabs-sub-title\">\n\t\t\t\t\t\t\tA nossa\t\t\t\t\t\t<\/div>\n\t\t\t\t\t\n\t\t\t\t\t\t\t\t\t\t\t<div class=\"bdt-ep-fancy-tabs-title\">\n\t\t\t\t\t\t\tMISS\u00c3O\t\t\t\t\t\t<\/div>\n\t\t\t\t\t\n\t\t\t\t\t\t\t\t\t\t\t<div class=\"bdt-ep-fancy-tabs-text\">\n\t\t\t\t\t\t\t<p>Oferecer solu\u00e7\u00f5es cont\u00e1beis com qualidade, agilidade e confiabilidade, para satisfazer as necessidades e expectativas dos nossos clientes, fornecedores, acionistas, colaboradores, governos e sociedade em geral.<\/p>\t\t\t\t\t\t<\/div>\n\t\t\t\t\t\n\t\t\t\t\t\n\t\t\t\t<\/div>\n\t\t\t\n\t\t\t\t<div id=\"bdt-tab-20a107ba\" class=\"bdt-ep-fancy-tabs-content\">\n\n\t\t\t\t\t\t\t\t\t\t\t<div class=\"bdt-ep-fancy-tabs-sub-title\">\n\t\t\t\t\t\t\tA nossa\t\t\t\t\t\t<\/div>\n\t\t\t\t\t\n\t\t\t\t\t\t\t\t\t\t\t<div class=\"bdt-ep-fancy-tabs-title\">\n\t\t\t\t\t\t\tVIS\u00c3O\t\t\t\t\t\t<\/div>\n\t\t\t\t\t\n\t\t\t\t\t\t\t\t\t\t\t<div class=\"bdt-ep-fancy-tabs-text\">\n\t\t\t\t\t\t\t<p>Busca incessante por solu\u00e7\u00f5es r\u00e1pidas e seguras com foco nas necessidades e expectativas dos clientes. Nosso sucesso \u00e9 consequ\u00eancia da satisfa\u00e7\u00e3o e confian\u00e7a de todos aqueles para os quais prestamos os nossos servi\u00e7os, raz\u00e3o pela qual nos consolidamos no disputado mercado de S\u00e3o Paulo.<\/p>\t\t\t\t\t\t<\/div>\n\t\t\t\t\t\n\t\t\t\t\t\n\t\t\t\t<\/div>\n\t\t\t\n\t\t\t\t<div id=\"bdt-tab-30a107ba\" class=\"bdt-ep-fancy-tabs-content\">\n\n\t\t\t\t\t\t\t\t\t\t\t<div class=\"bdt-ep-fancy-tabs-sub-title\">\n\t\t\t\t\t\t\tOs nossos\t\t\t\t\t\t<\/div>\n\t\t\t\t\t\n\t\t\t\t\t\t\t\t\t\t\t<div class=\"bdt-ep-fancy-tabs-title\">\n\t\t\t\t\t\t\tVALORES\t\t\t\t\t\t<\/div>\n\t\t\t\t\t\n\t\t\t\t\t\t\t\t\t\t\t<div class=\"bdt-ep-fancy-tabs-text\">\n\t\t\t\t\t\t\t<p>&#8211; Profissionalismo;<br \/>&#8211; Respeito;<br \/>&#8211; Vis\u00e3o\/percep\u00e7\u00e3o de neg\u00f3cios;<br \/>&#8211; Agilidade;<br \/>&#8211; \u00c9tica.<\/p>\t\t\t\t\t\t<\/div>\n\t\t\t\t\t\n\t\t\t\t\t\n\t\t\t\t<\/div>\n\t\t\t\n\t\t\t\t<div id=\"bdt-tab-40a107ba\" class=\"bdt-ep-fancy-tabs-content\">\n\n\t\t\t\t\t\t\t\t\t\t\t<div class=\"bdt-ep-fancy-tabs-sub-title\">\n\t\t\t\t\t\t\tA nossa\t\t\t\t\t\t<\/div>\n\t\t\t\t\t\n\t\t\t\t\t\t\t\t\t\t\t<div class=\"bdt-ep-fancy-tabs-title\">\n\t\t\t\t\t\t\tEQUIPE\t\t\t\t\t\t<\/div>\n\t\t\t\t\t\n\t\t\t\t\t\t\t\t\t\t\t<div class=\"bdt-ep-fancy-tabs-text\">\n\t\t\t\t\t\t\t<p>Consideramos nossos colaboradores pe\u00e7a fundamental em nossa empresa, desenvolvemos um ambiente de trabalho agrad\u00e1vel, com um \u00f3timo n\u00edvel de relacionamento e uma pol\u00edtica de carreira para que nossos profissionais possam se aprimorar cada vez mais.<\/p>\t\t\t\t\t\t<\/div>\n\t\t\t\t\t\n\t\t\t\t\t\n\t\t\t\t<\/div>\n\t\t\t\t\t\t<\/div>\n\n\t\t\t\t\t\t\t<\/div>\n\t\t\t\t\n\t\t\t\t\n\t\t\t<\/div>\n\t\t<\/div>\n\t\t\t\t<\/div>\n\t\t\t\t<\/div>\n\t\t\t\t<div class=\"aux-scroll-anim elementor-element elementor-element-32bd329 elementor-widget__width-auto elementor-widget elementor-widget-aux_simple_svg\" data-move-in=\"\" data-move-out=\"moveHorizontal\" data-axis-x=\"60\" data-axis-y=\"200\" data-rotate=\"90\" data-scale=\"1\" data-vp-top=\"0.5\" data-vp-bot=\"0.5\" data-el-top=\"0.2\" data-scroll-animation-off=\"1024\" data-id=\"32bd329\" data-element_type=\"widget\" data-widget_type=\"aux_simple_svg.default\">\n\t\t\t\t<div class=\"elementor-widget-container\">\n\t\t\t    <div class=\"aux-widget-container aux-simple-svg-container\">\n        <div class=\"aux-widget-container-inner\">\n            <div class=\"aux-the-svg\"><svg xmlns=\"http:\/\/www.w3.org\/2000\/svg\" width=\"570.685\" height=\"587.775\"><path d=\"M498.796 264.777a35.017 35.017 0 011.804 35.033l-84.052 164.162a35.017 35.017 0 01-29.26 19.006l-184.144 10.054a35.017 35.017 0 01-31.275-15.889l-99.945-153.86a35.017 35.017 0 01-1.802-35.031l84.046-164.159a35.017 35.017 0 0129.26-19.006l184.15-10.058a35.017 35.017 0 0131.273 15.887z\" fill=\"var(--e-global-color-b79d8b6)\" \/><\/svg><\/div>\n        <\/div>\n    <\/div>\n    \t\t<\/div>\n\t\t\t\t<\/div>\n\t\t\t\t<div class=\"aux-scroll-anim elementor-element elementor-element-9f70020 elementor-widget__width-auto elementor-widget elementor-widget-aux_simple_svg\" data-move-in=\"fade\" data-move-out=\"moveHorizontal\" data-axis-x=\"80\" data-axis-y=\"200\" data-rotate=\"90\" data-scale=\"1\" data-vp-top=\"0.5\" data-vp-bot=\"0.5\" data-el-top=\"0.2\" data-scroll-animation-off=\"1024\" data-id=\"9f70020\" data-element_type=\"widget\" data-widget_type=\"aux_simple_svg.default\">\n\t\t\t\t<div class=\"elementor-widget-container\">\n\t\t\t    <div class=\"aux-widget-container aux-simple-svg-container\">\n        <div class=\"aux-widget-container-inner\">\n            <div class=\"aux-the-svg\"><svg xmlns=\"http:\/\/www.w3.org\/2000\/svg\" width=\"570.685\" height=\"587.775\"><path d=\"M498.796 264.777a35.017 35.017 0 011.804 35.033l-84.052 164.162a35.017 35.017 0 01-29.26 19.006l-184.144 10.054a35.017 35.017 0 01-31.275-15.889l-99.945-153.86a35.017 35.017 0 01-1.802-35.031l84.046-164.159a35.017 35.017 0 0129.26-19.006l184.15-10.058a35.017 35.017 0 0131.273 15.887z\" fill=\"var(--e-global-color-b79d8b6)\" \/><\/svg><\/div>\n        <\/div>\n    <\/div>\n    \t\t<\/div>\n\t\t\t\t<\/div>\n\t\t\t\t<div class=\"elementor-element elementor-element-7bac3d9 elementor-widget__width-auto aux-shpe-type-circle elementor-widget elementor-widget-aux_simple_shape\" data-id=\"7bac3d9\" data-element_type=\"widget\" data-widget_type=\"aux_simple_shape.default\">\n\t\t\t\t<div class=\"elementor-widget-container\">\n\t\t\t    <div class=\"aux-widget-container aux-simple-shape-container\">\n        <div class=\"aux-widget-container-inner\">\n            <div class=\"aux-the-shape\"><\/div>\n        <\/div>\n    <\/div>\n    \t\t<\/div>\n\t\t\t\t<\/div>\n\t\t\t\t<div class=\"aux-scroll-anim elementor-element elementor-element-054018a elementor-widget__width-auto aux-shpe-type-circle elementor-widget elementor-widget-aux_simple_shape\" data-move-in=\"\" data-move-out=\"moveHorizontal\" data-axis-x=\"-30\" data-axis-y=\"200\" data-rotate=\"90\" data-scale=\"1\" data-vp-top=\"0.5\" data-vp-bot=\"0.5\" data-el-top=\"0.2\" data-scroll-animation-off=\"1024\" data-id=\"054018a\" data-element_type=\"widget\" data-widget_type=\"aux_simple_shape.default\">\n\t\t\t\t<div class=\"elementor-widget-container\">\n\t\t\t    <div class=\"aux-widget-container aux-simple-shape-container\">\n        <div class=\"aux-widget-container-inner\">\n            <div class=\"aux-the-shape\"><\/div>\n        <\/div>\n    <\/div>\n    \t\t<\/div>\n\t\t\t\t<\/div>\n\t\t\t\t<div class=\"aux-scroll-anim elementor-element elementor-element-366c872 elementor-widget__width-auto elementor-hidden-phone aux-shpe-type-circle elementor-widget elementor-widget-aux_simple_shape\" data-move-in=\"fadeBottom\" data-move-out=\"\" data-axis-x=\"20\" data-axis-y=\"200\" data-rotate=\"90\" data-scale=\"1\" data-vp-top=\"0.5\" data-vp-bot=\"0.5\" data-el-top=\"0.2\" data-scroll-animation-off=\"1024\" data-id=\"366c872\" data-element_type=\"widget\" data-widget_type=\"aux_simple_shape.default\">\n\t\t\t\t<div class=\"elementor-widget-container\">\n\t\t\t    <div class=\"aux-widget-container aux-simple-shape-container\">\n        <div class=\"aux-widget-container-inner\">\n            <div class=\"aux-the-shape\"><\/div>\n        <\/div>\n    <\/div>\n    \t\t<\/div>\n\t\t\t\t<\/div>\n\t\t\t\t\t\t<\/div>\n\t\t\t\t\t<\/div>\n\t\t<\/div>\n\t\t\t\t\t\t\t\t<\/div>\n\t\t\t\t\t<\/div>\n\t\t<\/section>\n\t\t\t\t\t\t\t\t\t<\/div>\n\t\t\t<\/div>\n\t\t\t\t\t<\/div>\n\t\t","protected":false},"excerpt":{"rendered":"<p>Servi\u00e7os Para a pr\u00f3xima gera\u00e7\u00e3o de grandes neg\u00f3cios Atrav\u00e9s da experi\u00eancia adquirida ao longo de anos de atua\u00e7\u00e3o, a\u00a0Cont\u00e1bil Demonstra\u00e7\u00e3o\u00a0conhece a fundo as necessidades do mercado e assim executa servi\u00e7os diferenciados de contabilidade. Sua estrutura conta com uma equipe de colaboradores altamente qualificados, que passam por aperfei\u00e7oamento constante nas \u00e1reas tribut\u00e1ria, cont\u00e1bil, fiscal e trabalhista. [&hellip;]<\/p>\n","protected":false},"author":1,"featured_media":0,"parent":0,"menu_order":0,"comment_status":"closed","ping_status":"closed","template":"templates\/page-builder-content.php","meta":{"footnotes":""},"class_list":["post-53","page","type-page","status-publish","hentry"],"_links":{"self":[{"href":"https:\/\/sitesa.com.br\/projetos\/modelos-wp\/mod05-22\/index.php\/wp-json\/wp\/v2\/pages\/53","targetHints":{"allow":["GET"]}}],"collection":[{"href":"https:\/\/sitesa.com.br\/projetos\/modelos-wp\/mod05-22\/index.php\/wp-json\/wp\/v2\/pages"}],"about":[{"href":"https:\/\/sitesa.com.br\/projetos\/modelos-wp\/mod05-22\/index.php\/wp-json\/wp\/v2\/types\/page"}],"author":[{"embeddable":true,"href":"https:\/\/sitesa.com.br\/projetos\/modelos-wp\/mod05-22\/index.php\/wp-json\/wp\/v2\/users\/1"}],"replies":[{"embeddable":true,"href":"https:\/\/sitesa.com.br\/projetos\/modelos-wp\/mod05-22\/index.php\/wp-json\/wp\/v2\/comments?post=53"}],"version-history":[{"count":16,"href":"https:\/\/sitesa.com.br\/projetos\/modelos-wp\/mod05-22\/index.php\/wp-json\/wp\/v2\/pages\/53\/revisions"}],"predecessor-version":[{"id":344,"href":"https:\/\/sitesa.com.br\/projetos\/modelos-wp\/mod05-22\/index.php\/wp-json\/wp\/v2\/pages\/53\/revisions\/344"}],"wp:attachment":[{"href":"https:\/\/sitesa.com.br\/projetos\/modelos-wp\/mod05-22\/index.php\/wp-json\/wp\/v2\/media?parent=53"}],"curies":[{"name":"wp","href":"https:\/\/api.w.org\/{rel}","templated":true}]}}