{"id":245,"date":"2023-07-31T12:40:30","date_gmt":"2023-07-31T12:40:30","guid":{"rendered":"https:\/\/sitesa.com.br\/projetos\/modelos-wp\/mod12-22\/?page_id=245"},"modified":"2023-07-31T14:40:46","modified_gmt":"2023-07-31T14:40:46","slug":"a-empresa","status":"publish","type":"page","link":"https:\/\/sitesa.com.br\/projetos\/modelos-wp\/mod12-22\/index.php\/a-empresa\/","title":{"rendered":"A Empresa"},"content":{"rendered":"\t\t<div data-elementor-type=\"wp-page\" data-elementor-id=\"245\" class=\"elementor elementor-245\" data-elementor-post-type=\"page\">\n\t\t\t\t\t\t<div class=\"elementor-inner\">\n\t\t\t\t<div class=\"elementor-section-wrap\">\n\t\t\t\t\t\t\t\t\t<section class=\"elementor-section elementor-top-section elementor-element elementor-element-df842a3 elementor-section-full_width elementor-section-stretched elementor-section-height-default elementor-section-height-default\" data-id=\"df842a3\" data-element_type=\"section\" data-settings=\"{&quot;stretch_section&quot;:&quot;section-stretched&quot;,&quot;background_background&quot;:&quot;classic&quot;}\">\n\t\t\t\t\t\t\t<div class=\"elementor-background-overlay\"><\/div>\n\t\t\t\t\t\t\t<div class=\"elementor-container elementor-column-gap-no\">\n\t\t\t\t\t\t\t<div class=\"elementor-row\">\n\t\t\t\t\t<div class=\"aux-parallax-section elementor-column elementor-col-100 elementor-top-column elementor-element elementor-element-dc0f06e\" data-id=\"dc0f06e\" data-element_type=\"column\">\n\t\t\t<div class=\"elementor-column-wrap elementor-element-populated\">\n\t\t\t\t\t\t\t<div class=\"elementor-widget-wrap\">\n\t\t\t\t\t\t\t\t<\/div>\n\t\t\t\t\t<\/div>\n\t\t<\/div>\n\t\t\t\t\t\t\t\t<\/div>\n\t\t\t\t\t<\/div>\n\t\t<\/section>\n\t\t\t\t<section class=\"elementor-section elementor-top-section elementor-element elementor-element-52e032c elementor-section-boxed elementor-section-height-default elementor-section-height-default\" data-id=\"52e032c\" data-element_type=\"section\">\n\t\t\t\t\t\t<div class=\"elementor-container elementor-column-gap-default\">\n\t\t\t\t\t\t\t<div class=\"elementor-row\">\n\t\t\t\t\t<div class=\"aux-parallax-section elementor-column elementor-col-50 elementor-top-column elementor-element elementor-element-72591c8 elementor-invisible\" data-id=\"72591c8\" data-element_type=\"column\" data-settings=\"{&quot;animation&quot;:&quot;fadeInLeft&quot;}\">\n\t\t\t<div class=\"elementor-column-wrap elementor-element-populated\">\n\t\t\t\t\t\t\t<div class=\"elementor-widget-wrap\">\n\t\t\t\t\t\t<div class=\"elementor-element elementor-element-3d0c449 elementor-widget elementor-widget-aux-before-after\" data-id=\"3d0c449\" data-element_type=\"widget\" data-widget_type=\"aux-before-after.default\">\n\t\t\t\t<div class=\"elementor-widget-container\">\n\t\t\t<div class=\"widget-container aux-widget-before-after\"><div class=\"aux-before-after\" data-offset=\"0.5\" ><img loading=\"lazy\" decoding=\"async\" width=\"682\" height=\"926\" src=\"https:\/\/sitesa.com.br\/projetos\/modelos-wp\/mod12-22\/wp-content\/uploads\/2023\/07\/photo.png\" class=\"attachment-full size-full wp-image-270\" alt=\"\" srcset=\"https:\/\/sitesa.com.br\/projetos\/modelos-wp\/mod12-22\/wp-content\/uploads\/2023\/07\/photo.png 682w, https:\/\/sitesa.com.br\/projetos\/modelos-wp\/mod12-22\/wp-content\/uploads\/2023\/07\/photo-200x272.png 200w\" \/> <img loading=\"lazy\" decoding=\"async\" width=\"682\" height=\"926\" src=\"https:\/\/sitesa.com.br\/projetos\/modelos-wp\/mod12-22\/wp-content\/uploads\/2023\/07\/photo2.png\" class=\"attachment-full size-full wp-image-271\" alt=\"\" srcset=\"https:\/\/sitesa.com.br\/projetos\/modelos-wp\/mod12-22\/wp-content\/uploads\/2023\/07\/photo2.png 682w, https:\/\/sitesa.com.br\/projetos\/modelos-wp\/mod12-22\/wp-content\/uploads\/2023\/07\/photo2-200x272.png 200w\" \/><\/div><\/div>\t\t<\/div>\n\t\t\t\t<\/div>\n\t\t\t\t\t\t<\/div>\n\t\t\t\t\t<\/div>\n\t\t<\/div>\n\t\t\t\t<div class=\"aux-parallax-section elementor-column elementor-col-50 elementor-top-column elementor-element elementor-element-561f364 elementor-invisible\" data-id=\"561f364\" data-element_type=\"column\" data-settings=\"{&quot;animation&quot;:&quot;fadeInRight&quot;}\">\n\t\t\t<div class=\"elementor-column-wrap elementor-element-populated\">\n\t\t\t\t\t\t\t<div class=\"elementor-widget-wrap\">\n\t\t\t\t\t\t<div class=\"elementor-element elementor-element-c94f15f elementor-widget elementor-widget-aux_modern_heading\" data-id=\"c94f15f\" data-element_type=\"widget\" data-widget_type=\"aux_modern_heading.default\">\n\t\t\t\t<div class=\"elementor-widget-container\">\n\t\t\t<section class=\"aux-widget-modern-heading\">\n            <div class=\"aux-widget-inner\"><h2 class=\"aux-modern-heading-primary\">Bem-vindo \u00e0 Pet Demonstra\u00e7\u00e3o!<\/h2><div class=\"aux-modern-heading-divider\"><\/div><\/div>\n        <\/section>\t\t<\/div>\n\t\t\t\t<\/div>\n\t\t\t\t<div class=\"elementor-element elementor-element-66cd3be elementor-widget elementor-widget-text-editor\" data-id=\"66cd3be\" data-element_type=\"widget\" data-widget_type=\"text-editor.default\">\n\t\t\t\t<div class=\"elementor-widget-container\">\n\t\t\t\t\t\t\t\t<div class=\"elementor-text-editor elementor-clearfix\">\n\t\t\t\t<p>Com mais de 60 anos de experi\u00eancia no cuidado dedicado e apaixonado por animais de estima\u00e7\u00e3o, nossa equipe de profissionais altamente qualificados est\u00e1 pronta para oferecer o melhor atendimento para o seu companheiro peludo. Sob a lideran\u00e7a da Dra. Ana Paula Horizo, que traz consigo uma heran\u00e7a de conhecimento e paix\u00e3o pela medicina veterin\u00e1ria de sua fam\u00edlia de veterin\u00e1rios, nossa cl\u00ednica se compromete a fornecer servi\u00e7os de sa\u00fade excepcionais para c\u00e3es, gatos e animais ex\u00f3ticos.<\/p><p>Aqui na Pet Demonstra\u00e7\u00e3o, entendemos que os animais de estima\u00e7\u00e3o s\u00e3o membros valiosos da sua fam\u00edlia, e nosso objetivo \u00e9 garantir que eles vivam vidas saud\u00e1veis, felizes e plenas. Nossos servi\u00e7os abrangem desde consultas de rotina e vacina\u00e7\u00e3o at\u00e9 cirurgias especializadas e tratamentos avan\u00e7ados. Com uma abordagem compassiva e individualizada, nos esfor\u00e7amos para compreender as necessidades espec\u00edficas de cada paciente e fornecer o tratamento mais adequado para cada caso.<\/p><p>Conte conosco para sermos seus parceiros de confian\u00e7a no cuidado da sa\u00fade e bem-estar do seu amado companheiro ao longo de todas as fases da vida.<\/p><p>Agende uma consulta conosco e venha conhecer a excel\u00eancia em medicina veterin\u00e1ria que a Pet Demonstra\u00e7\u00e3o oferece h\u00e1 mais de tr\u00eas d\u00e9cadas. Seu pet merece o melhor, e \u00e9 isso que proporcionamos com amor e dedica\u00e7\u00e3o!<\/p>\t\t\t\t\t<\/div>\n\t\t\t\t\t\t<\/div>\n\t\t\t\t<\/div>\n\t\t\t\t<section class=\"elementor-section elementor-inner-section elementor-element elementor-element-9e2d64f elementor-section-boxed elementor-section-height-default elementor-section-height-default\" data-id=\"9e2d64f\" data-element_type=\"section\">\n\t\t\t\t\t\t<div class=\"elementor-container elementor-column-gap-default\">\n\t\t\t\t\t\t\t<div class=\"elementor-row\">\n\t\t\t\t\t<div class=\"aux-parallax-section elementor-column elementor-col-50 elementor-inner-column elementor-element elementor-element-bb83cb7\" data-id=\"bb83cb7\" data-element_type=\"column\">\n\t\t\t<div class=\"elementor-column-wrap elementor-element-populated\">\n\t\t\t\t\t\t\t<div class=\"elementor-widget-wrap\">\n\t\t\t\t\t\t<div class=\"elementor-element elementor-element-1f955fb elementor-position-top elementor-vertical-align-top elementor-widget elementor-widget-image-box\" data-id=\"1f955fb\" data-element_type=\"widget\" data-widget_type=\"image-box.default\">\n\t\t\t\t<div class=\"elementor-widget-container\">\n\t\t\t<div class=\"elementor-image-box-wrapper\"><figure class=\"elementor-image-box-img\"><img loading=\"lazy\" decoding=\"async\" width=\"728\" height=\"797\" src=\"https:\/\/sitesa.com.br\/projetos\/modelos-wp\/mod12-22\/wp-content\/uploads\/2023\/07\/vet-man.jpg\" class=\"attachment-full size-full wp-image-277\" alt=\"\" srcset=\"https:\/\/sitesa.com.br\/projetos\/modelos-wp\/mod12-22\/wp-content\/uploads\/2023\/07\/vet-man.jpg 728w, https:\/\/sitesa.com.br\/projetos\/modelos-wp\/mod12-22\/wp-content\/uploads\/2023\/07\/vet-man-200x219.jpg 200w\" \/><\/figure><div class=\"elementor-image-box-content\"><h3 class=\"elementor-image-box-title\">Dr Am\u00e2ncio Horta Horizo<\/h3><\/div><\/div>\t\t<\/div>\n\t\t\t\t<\/div>\n\t\t\t\t\t\t<\/div>\n\t\t\t\t\t<\/div>\n\t\t<\/div>\n\t\t\t\t<div class=\"aux-parallax-section elementor-column elementor-col-50 elementor-inner-column elementor-element elementor-element-ad5e9bb\" data-id=\"ad5e9bb\" data-element_type=\"column\">\n\t\t\t<div class=\"elementor-column-wrap elementor-element-populated\">\n\t\t\t\t\t\t\t<div class=\"elementor-widget-wrap\">\n\t\t\t\t\t\t<div class=\"elementor-element elementor-element-41529c3 elementor-position-top elementor-vertical-align-top elementor-widget elementor-widget-image-box\" data-id=\"41529c3\" data-element_type=\"widget\" data-widget_type=\"image-box.default\">\n\t\t\t\t<div class=\"elementor-widget-container\">\n\t\t\t<div class=\"elementor-image-box-wrapper\"><figure class=\"elementor-image-box-img\"><img loading=\"lazy\" decoding=\"async\" width=\"728\" height=\"797\" src=\"https:\/\/sitesa.com.br\/projetos\/modelos-wp\/mod12-22\/wp-content\/uploads\/2023\/07\/vet-woman.jpg\" class=\"attachment-full size-full wp-image-276\" alt=\"\" srcset=\"https:\/\/sitesa.com.br\/projetos\/modelos-wp\/mod12-22\/wp-content\/uploads\/2023\/07\/vet-woman.jpg 728w, https:\/\/sitesa.com.br\/projetos\/modelos-wp\/mod12-22\/wp-content\/uploads\/2023\/07\/vet-woman-200x219.jpg 200w\" \/><\/figure><div class=\"elementor-image-box-content\"><h3 class=\"elementor-image-box-title\">Dra Ana Paula Horizo<\/h3><\/div><\/div>\t\t<\/div>\n\t\t\t\t<\/div>\n\t\t\t\t\t\t<\/div>\n\t\t\t\t\t<\/div>\n\t\t<\/div>\n\t\t\t\t\t\t\t\t<\/div>\n\t\t\t\t\t<\/div>\n\t\t<\/section>\n\t\t\t\t\t\t<\/div>\n\t\t\t\t\t<\/div>\n\t\t<\/div>\n\t\t\t\t\t\t\t\t<\/div>\n\t\t\t\t\t<\/div>\n\t\t<\/section>\n\t\t\t\t<section class=\"elementor-section elementor-top-section elementor-element elementor-element-cd7349a elementor-section-full_width elementor-section-stretched elementor-section-height-default elementor-section-height-default elementor-invisible\" data-id=\"cd7349a\" data-element_type=\"section\" data-settings=\"{&quot;stretch_section&quot;:&quot;section-stretched&quot;,&quot;background_background&quot;:&quot;classic&quot;,&quot;animation&quot;:&quot;fadeInUp&quot;}\">\n\t\t\t\t\t\t\t<div class=\"elementor-background-overlay\"><\/div>\n\t\t\t\t\t\t\t<div class=\"elementor-container elementor-column-gap-no\">\n\t\t\t\t\t\t\t<div class=\"elementor-row\">\n\t\t\t\t\t<div class=\"aux-parallax-section elementor-column elementor-col-100 elementor-top-column elementor-element elementor-element-a41f9ee\" data-id=\"a41f9ee\" data-element_type=\"column\">\n\t\t\t<div class=\"elementor-column-wrap elementor-element-populated\">\n\t\t\t\t\t\t\t<div class=\"elementor-widget-wrap\">\n\t\t\t\t\t\t<section class=\"elementor-section elementor-inner-section elementor-element elementor-element-d7e7a77 elementor-section-boxed elementor-section-height-default elementor-section-height-default\" data-id=\"d7e7a77\" data-element_type=\"section\">\n\t\t\t\t\t\t<div class=\"elementor-container elementor-column-gap-default\">\n\t\t\t\t\t\t\t<div class=\"elementor-row\">\n\t\t\t\t\t<div class=\"aux-parallax-section elementor-column elementor-col-50 elementor-inner-column elementor-element elementor-element-6283122\" data-id=\"6283122\" data-element_type=\"column\">\n\t\t\t<div class=\"elementor-column-wrap elementor-element-populated\">\n\t\t\t\t\t\t\t<div class=\"elementor-widget-wrap\">\n\t\t\t\t\t\t<div class=\"elementor-element elementor-element-a2ea662 elementor-widget elementor-widget-aux_modern_heading\" data-id=\"a2ea662\" data-element_type=\"widget\" data-widget_type=\"aux_modern_heading.default\">\n\t\t\t\t<div class=\"elementor-widget-container\">\n\t\t\t<section class=\"aux-widget-modern-heading\">\n            <div class=\"aux-widget-inner\"><h2 class=\"aux-modern-heading-primary\">Pronto atendimento 24h<\/h2><div class=\"aux-modern-heading-divider\"><\/div><\/div>\n        <\/section>\t\t<\/div>\n\t\t\t\t<\/div>\n\t\t\t\t<div class=\"elementor-element elementor-element-4669c70 elementor-widget elementor-widget-heading\" data-id=\"4669c70\" data-element_type=\"widget\" data-widget_type=\"heading.default\">\n\t\t\t\t<div class=\"elementor-widget-container\">\n\t\t\t<h2 class=\"elementor-heading-title elementor-size-default\">Tem uma emerg\u00eancia durante a noite?<br>N\u00e3o se preocupe, entre em contato conosco.<\/h2>\t\t<\/div>\n\t\t\t\t<\/div>\n\t\t\t\t\t\t<\/div>\n\t\t\t\t\t<\/div>\n\t\t<\/div>\n\t\t\t\t<div class=\"aux-parallax-section elementor-column elementor-col-50 elementor-inner-column elementor-element elementor-element-23e3ad8\" data-id=\"23e3ad8\" data-element_type=\"column\">\n\t\t\t<div class=\"elementor-column-wrap elementor-element-populated\">\n\t\t\t\t\t\t\t<div class=\"elementor-widget-wrap\">\n\t\t\t\t\t\t<div class=\"elementor-element elementor-element-886493d elementor-align-justify elementor-widget elementor-widget-button\" data-id=\"886493d\" data-element_type=\"widget\" data-widget_type=\"button.default\">\n\t\t\t\t<div class=\"elementor-widget-container\">\n\t\t\t\t\t<div class=\"elementor-button-wrapper\">\n\t\t\t<a class=\"elementor-button elementor-button-link elementor-size-sm\" href=\"https:\/\/wa.me\/5511900000000\" target=\"_blank\">\n\t\t\t\t\t\t<span class=\"elementor-button-content-wrapper\">\n\t\t\t\t\t\t<span class=\"elementor-button-text\">Chame no Whatsapp<\/span>\n\t\t<\/span>\n\t\t\t\t\t<\/a>\n\t\t<\/div>\n\t\t\t\t<\/div>\n\t\t\t\t<\/div>\n\t\t\t\t\t\t<\/div>\n\t\t\t\t\t<\/div>\n\t\t<\/div>\n\t\t\t\t\t\t\t\t<\/div>\n\t\t\t\t\t<\/div>\n\t\t<\/section>\n\t\t\t\t\t\t<\/div>\n\t\t\t\t\t<\/div>\n\t\t<\/div>\n\t\t\t\t\t\t\t\t<\/div>\n\t\t\t\t\t<\/div>\n\t\t<\/section>\n\t\t\t\t\t\t\t\t\t<\/div>\n\t\t\t<\/div>\n\t\t\t\t\t<\/div>\n\t\t","protected":false},"excerpt":{"rendered":"<p>Bem-vindo \u00e0 Pet Demonstra\u00e7\u00e3o! Com mais de 60 anos de experi\u00eancia no cuidado dedicado e apaixonado por animais de estima\u00e7\u00e3o, nossa equipe de profissionais altamente qualificados est\u00e1 pronta para oferecer o melhor atendimento para o seu companheiro peludo. Sob a lideran\u00e7a da Dra. Ana Paula Horizo, que traz consigo uma heran\u00e7a de conhecimento e paix\u00e3o [&hellip;]<\/p>\n","protected":false},"author":1,"featured_media":0,"parent":0,"menu_order":0,"comment_status":"closed","ping_status":"closed","template":"elementor_header_footer","meta":{"_joinchat":[],"footnotes":""},"class_list":["post-245","page","type-page","status-publish","hentry"],"_links":{"self":[{"href":"https:\/\/sitesa.com.br\/projetos\/modelos-wp\/mod12-22\/index.php\/wp-json\/wp\/v2\/pages\/245","targetHints":{"allow":["GET"]}}],"collection":[{"href":"https:\/\/sitesa.com.br\/projetos\/modelos-wp\/mod12-22\/index.php\/wp-json\/wp\/v2\/pages"}],"about":[{"href":"https:\/\/sitesa.com.br\/projetos\/modelos-wp\/mod12-22\/index.php\/wp-json\/wp\/v2\/types\/page"}],"author":[{"embeddable":true,"href":"https:\/\/sitesa.com.br\/projetos\/modelos-wp\/mod12-22\/index.php\/wp-json\/wp\/v2\/users\/1"}],"replies":[{"embeddable":true,"href":"https:\/\/sitesa.com.br\/projetos\/modelos-wp\/mod12-22\/index.php\/wp-json\/wp\/v2\/comments?post=245"}],"version-history":[{"count":49,"href":"https:\/\/sitesa.com.br\/projetos\/modelos-wp\/mod12-22\/index.php\/wp-json\/wp\/v2\/pages\/245\/revisions"}],"predecessor-version":[{"id":378,"href":"https:\/\/sitesa.com.br\/projetos\/modelos-wp\/mod12-22\/index.php\/wp-json\/wp\/v2\/pages\/245\/revisions\/378"}],"wp:attachment":[{"href":"https:\/\/sitesa.com.br\/projetos\/modelos-wp\/mod12-22\/index.php\/wp-json\/wp\/v2\/media?parent=245"}],"curies":[{"name":"wp","href":"https:\/\/api.w.org\/{rel}","templated":true}]}}